{"id":22,"date":"2017-06-07T02:06:36","date_gmt":"2017-06-07T02:06:36","guid":{"rendered":"http:\/\/mb-projektgemeinschaft.de\/?page_id=22"},"modified":"2020-09-02T11:00:56","modified_gmt":"2020-09-02T11:00:56","slug":"wohnungen","status":"publish","type":"page","link":"https:\/\/mb-projektgemeinschaft.de\/?page_id=22","title":{"rendered":"\u00fcber uns"},"content":{"rendered":"\t\t<div data-elementor-type=\"wp-page\" data-elementor-id=\"22\" class=\"elementor elementor-22\">\n\t\t\t\t\t\t<section class=\"elementor-section elementor-top-section elementor-element elementor-element-f89baff elementor-section-boxed elementor-section-height-default elementor-section-height-default\" data-id=\"f89baff\" data-element_type=\"section\" data-e-type=\"section\">\n\t\t\t\t\t\t<div class=\"elementor-container elementor-column-gap-default\">\n\t\t\t\t\t<div class=\"elementor-column elementor-col-100 elementor-top-column elementor-element elementor-element-bfebf9f\" data-id=\"bfebf9f\" data-element_type=\"column\" data-e-type=\"column\">\n\t\t\t<div class=\"elementor-widget-wrap elementor-element-populated\">\n\t\t\t\t\t\t<div class=\"elementor-element elementor-element-f15f356 elementor-widget elementor-widget-text-editor\" data-id=\"f15f356\" data-element_type=\"widget\" data-e-type=\"widget\" data-widget_type=\"text-editor.default\">\n\t\t\t\t<div class=\"elementor-widget-container\">\n\t\t\t\t\t\t\t\t\t<p>Wir, die Marienberg &amp; Bruch Projektgemeinschaft entwickeln, planen und errichten in Zusammenarbeit mit ausgew\u00e4hlten Architekten seit 2014 Wohngeb\u00e4ude aller Art. Dies sind Bungalows, Stadtvillen, Doppelh\u00e4user, Energiespar-H\u00e4user, Mehrfamilienh\u00e4user etc.<\/p>\n<p>Zu diesem Zweck erwerben wir Grundst\u00fccke, auf denen diese Geb\u00e4ude errichtet werden oder es ist ein Grundst\u00fcck vorhanden, auf dem wir f\u00fcr Sie ein Wohnhaus planen und errichten sollen. Hierzu besch\u00e4ftigen wir Handwerksbetriebe aus der Region, die uns pers\u00f6nlich bekannt sind. Bei der Art des Hauses und der Ausstattung k\u00f6nnen Sie selbstverst\u00e4ndlich ihre eigenen W\u00fcnsche einbringen. Wir setzen diese dann f\u00fcr Sie um.<\/p>\t\t\t\t\t\t\t\t<\/div>\n\t\t\t\t<\/div>\n\t\t\t\t\t<\/div>\n\t\t<\/div>\n\t\t\t\t\t<\/div>\n\t\t<\/section>\n\t\t\t\t<\/div>\n\t\t","protected":false},"excerpt":{"rendered":"<p>Wir, die Marienberg &amp; Bruch Projektgemeinschaft entwickeln, planen und errichten in Zusammenarbeit mit ausgew\u00e4hlten Architekten seit 2014 Wohngeb\u00e4ude aller Art. Dies sind Bungalows, Stadtvillen, Doppelh\u00e4user, Energiespar-H\u00e4user, Mehrfamilienh\u00e4user etc. Zu diesem Zweck erwerben wir Grundst\u00fccke, auf denen diese Geb\u00e4ude errichtet werden oder es ist ein Grundst\u00fcck vorhanden, auf dem wir f\u00fcr Sie ein Wohnhaus planen und &hellip; <\/p>\n<p class=\"link-more\"><a href=\"https:\/\/mb-projektgemeinschaft.de\/?page_id=22\" class=\"more-link\"><span class=\"screen-reader-text\">\u201e\u00fcber uns\u201c<\/span> weiterlesen<\/a><\/p>\n","protected":false},"author":1,"featured_media":0,"parent":0,"menu_order":0,"comment_status":"closed","ping_status":"closed","template":"","meta":{"footnotes":""},"class_list":["post-22","page","type-page","status-publish","hentry"],"_links":{"self":[{"href":"https:\/\/mb-projektgemeinschaft.de\/index.php?rest_route=\/wp\/v2\/pages\/22"}],"collection":[{"href":"https:\/\/mb-projektgemeinschaft.de\/index.php?rest_route=\/wp\/v2\/pages"}],"about":[{"href":"https:\/\/mb-projektgemeinschaft.de\/index.php?rest_route=\/wp\/v2\/types\/page"}],"author":[{"embeddable":true,"href":"https:\/\/mb-projektgemeinschaft.de\/index.php?rest_route=\/wp\/v2\/users\/1"}],"replies":[{"embeddable":true,"href":"https:\/\/mb-projektgemeinschaft.de\/index.php?rest_route=%2Fwp%2Fv2%2Fcomments&post=22"}],"version-history":[{"count":90,"href":"https:\/\/mb-projektgemeinschaft.de\/index.php?rest_route=\/wp\/v2\/pages\/22\/revisions"}],"predecessor-version":[{"id":677,"href":"https:\/\/mb-projektgemeinschaft.de\/index.php?rest_route=\/wp\/v2\/pages\/22\/revisions\/677"}],"wp:attachment":[{"href":"https:\/\/mb-projektgemeinschaft.de\/index.php?rest_route=%2Fwp%2Fv2%2Fmedia&parent=22"}],"curies":[{"name":"wp","href":"https:\/\/api.w.org\/{rel}","templated":true}]}}